{"id":2617,"date":"2025-09-19T19:06:58","date_gmt":"2025-09-19T17:06:58","guid":{"rendered":"https:\/\/hifetours.com\/?page_id=2617"},"modified":"2025-09-19T19:06:58","modified_gmt":"2025-09-19T17:06:58","slug":"agencia-de-viajes","status":"publish","type":"page","link":"https:\/\/hifetours.com\/es\/agencia-de-viajes\/","title":{"rendered":"Agencia de viajes"},"content":{"rendered":"<div class=\"wpb-content-wrapper\"><p>[vc_row css_animation=\u00bb\u00bb row_type=\u00bbrow\u00bb use_row_as_full_screen_section=\u00bbno\u00bb type=\u00bbfull_width\u00bb angled_section=\u00bbno\u00bb text_align=\u00bbleft\u00bb background_image_as_pattern=\u00bbwithout_pattern\u00bb][vc_column][vc_row_inner row_type=\u00bbrow\u00bb type=\u00bbfull_width\u00bb text_align=\u00bbleft\u00bb css_animation=\u00bb\u00bb][vc_column_inner width=\u00bb2\/3&#8243;][vc_gallery interval=\u00bb3&#8243; images=\u00bb1100,1102&#8243; img_size=\u00bbfull\u00bb onclick=\u00bb\u00bb][\/vc_column_inner][vc_column_inner width=\u00bb1\/3&#8243;][vc_column_text css=\u00bb\u00bb]<\/p>\n<h1>OFICINAS HIFETOURS<\/h1>\n<p>[\/vc_column_text][vc_empty_space][vc_column_text css=\u00bb\u00bb]Si est\u00e1 planeando un viaje, no hay duda de que una agencia de viajes puede ser un gran recurso para usted. Nuestras agencias de viajes est\u00e1n especializadas en hacer que sus vacaciones sean lo m\u00e1s f\u00e1ciles y agradables posible.<\/p>\n<p>&nbsp;<\/p>\n<p>Ofrecemos una amplia gama de servicios, tales como excursiones, alquiler de autobuses, reservas de hoteles y mucho m\u00e1s.<\/p>\n<p>&nbsp;<\/p>\n<p>Tanto si desea explorar una nueva ciudad como relajarse en la playa, tenemos todo lo que necesita.<\/p>\n<p>&nbsp;<\/p>\n<p>Nuestro experto personal lo\/la guiar\u00e1 y asesorar\u00e1 en todas sus necesidades: billetes de avi\u00f3n, tren, barco o autocar; alquiler de coches; cruceros; estancias de vacaciones; organizaci\u00f3n de eventos y mucho m\u00e1s.<\/p>\n<p>&nbsp;<\/p>\n<p>Con nuestra ayuda, podr\u00e1 limitarse a disfrutar del viaje mientras nosotros nos ocupamos de todos los detalles.<\/p>\n<p>&nbsp;<\/p>\n<p>As\u00ed pues, no dude en <strong>ponerse en contacto con nosotros<\/strong> hoy mismo para ver c\u00f3mo podemos hacer que sus pr\u00f3ximas vacaciones sean inolvidables.[\/vc_column_text][vc_empty_space][\/vc_column_inner][\/vc_row_inner][\/vc_column][\/vc_row][vc_row css_animation=\u00bb\u00bb row_type=\u00bbrow\u00bb use_row_as_full_screen_section=\u00bbno\u00bb type=\u00bbfull_width\u00bb angled_section=\u00bbno\u00bb text_align=\u00bbleft\u00bb background_image_as_pattern=\u00bbwithout_pattern\u00bb][vc_column width=\u00bb1\/3&#8243;][vc_column_text]<b style=\"color: #a04f5f;\">HIFETOURS EST. DE AUTOBUSES<\/b><\/p>\n<p>C\/ Adri\u00e0 d&#8217;Utrecht, 1<br \/>\n43500 Tortosa<\/p>\n<p>&nbsp;<\/p>\n<p><a href=\"https:\/\/goo.gl\/maps\/MAmSRJyAbZ5UhrE17\" target=\"_blank\" rel=\"noopener\">Ver mapa<\/a><\/p>\n<p>&nbsp;<\/p>\n<p>Tel\u00e9fono: 977 443 562<br \/>\n<a href=\"mailto:hifetours@hifetours.com\">hifetours@hifetours.com<\/a>[\/vc_column_text][vc_empty_space][\/vc_column][vc_column width=\u00bb1\/3&#8243;][vc_column_text css=\u00bb\u00bb]<b style=\"color: #a04f5f;\">HIFETOURS FERRERIES<\/b><\/p>\n<p>C\/ Olivera, 3 \u2013 Pza. Pius XII<br \/>\n43500 Tortosa<\/p>\n<p>&nbsp;<\/p>\n<p><a href=\"https:\/\/goo.gl\/maps\/3BiPqwqu2K3nBgrV6\" target=\"_blank\" rel=\"noopener\">Ver mapa<\/a><\/p>\n<p>&nbsp;<\/p>\n<p>Tel\u00e9fono: 977 588 905<br \/>\n<a href=\"mailto:hifetours@hifetours.com\">hifetours@hifetours.com<\/a>[\/vc_column_text][vc_empty_space][\/vc_column][vc_column width=\u00bb1\/3&#8243;][vc_column_text css=\u00bb\u00bb]<b style=\"color: #a04f5f;\">HIFETOURS MONTBLANC<\/b><\/p>\n<p>Avda. General Prim, 9<br \/>\n43400 Montblanc<\/p>\n<p>&nbsp;<\/p>\n<p><a href=\"https:\/\/goo.gl\/maps\/ACN2TqcE86a9cFEA9\" target=\"_blank\" rel=\"noopener\">Ver mapa<\/a><\/p>\n<p>&nbsp;<\/p>\n<p>Tel\u00e9fono: 977 861 854<br \/>\n<a href=\"mailto:hifetours@hifetours.com\">hifetours@hifetours.com<\/a>[\/vc_column_text][vc_empty_space][\/vc_column][\/vc_row]<\/p>\n<\/div>","protected":false},"excerpt":{"rendered":"<p>[vc_row css_animation=\u00bb\u00bb row_type=\u00bbrow\u00bb use_row_as_full_screen_section=\u00bbno\u00bb type=\u00bbfull_width\u00bb angled_section=\u00bbno\u00bb text_align=\u00bbleft\u00bb background_image_as_pattern=\u00bbwithout_pattern\u00bb][vc_column][vc_row_inner row_type=\u00bbrow\u00bb type=\u00bbfull_width\u00bb text_align=\u00bbleft\u00bb css_animation=\u00bb\u00bb][vc_column_inner width=\u00bb2\/3&#8243;][vc_gallery interval=\u00bb3&#8243; images=\u00bb1100,1102&#8243; img_size=\u00bbfull\u00bb onclick=\u00bb\u00bb][\/vc_column_inner][vc_column_inner width=\u00bb1\/3&#8243;][vc_column_text css=\u00bb\u00bb] OFICINAS HIFETOURS [\/vc_column_text][vc_empty_space][vc_column_text css=\u00bb\u00bb]Si est\u00e1 planeando un viaje, no hay duda de que una agencia de viajes puede ser un gran recurso para usted. Nuestras agencias&#8230;<\/p>\n","protected":false},"author":1,"featured_media":0,"parent":0,"menu_order":0,"comment_status":"closed","ping_status":"closed","template":"","meta":{"footnotes":""},"class_list":["post-2617","page","type-page","status-publish","hentry"],"publishpress_future_action":{"enabled":false,"date":"2026-04-13 20:45:36","action":"change-status","newStatus":"draft","terms":[],"taxonomy":"translation_priority"},"publishpress_future_workflow_manual_trigger":{"enabledWorkflows":[]},"_links":{"self":[{"href":"https:\/\/hifetours.com\/es\/wp-json\/wp\/v2\/pages\/2617","targetHints":{"allow":["GET"]}}],"collection":[{"href":"https:\/\/hifetours.com\/es\/wp-json\/wp\/v2\/pages"}],"about":[{"href":"https:\/\/hifetours.com\/es\/wp-json\/wp\/v2\/types\/page"}],"author":[{"embeddable":true,"href":"https:\/\/hifetours.com\/es\/wp-json\/wp\/v2\/users\/1"}],"replies":[{"embeddable":true,"href":"https:\/\/hifetours.com\/es\/wp-json\/wp\/v2\/comments?post=2617"}],"version-history":[{"count":1,"href":"https:\/\/hifetours.com\/es\/wp-json\/wp\/v2\/pages\/2617\/revisions"}],"predecessor-version":[{"id":2618,"href":"https:\/\/hifetours.com\/es\/wp-json\/wp\/v2\/pages\/2617\/revisions\/2618"}],"wp:attachment":[{"href":"https:\/\/hifetours.com\/es\/wp-json\/wp\/v2\/media?parent=2617"}],"curies":[{"name":"wp","href":"https:\/\/api.w.org\/{rel}","templated":true}]}}