{"id":2388,"date":"2025-01-07T11:22:35","date_gmt":"2025-01-07T10:22:35","guid":{"rendered":"https:\/\/hifetours.com\/?page_id=2388"},"modified":"2025-01-07T11:25:49","modified_gmt":"2025-01-07T10:25:49","slug":"condiciones-generales","status":"publish","type":"page","link":"https:\/\/hifetours.com\/es\/condiciones-generales\/","title":{"rendered":"Condiciones Generales"},"content":{"rendered":"<div class=\"wpb-content-wrapper\"><p>[vc_row css_animation=\u00bb\u00bb row_type=\u00bbrow\u00bb use_row_as_full_screen_section=\u00bbno\u00bb type=\u00bbgrid\u00bb angled_section=\u00bbno\u00bb text_align=\u00bbleft\u00bb background_image_as_pattern=\u00bbwithout_pattern\u00bb z_index=\u00bb\u00bb][vc_column][vc_column_text css=\u00bb\u00bb]<strong>Inscripciones y pagos:<\/strong><\/p>\n<ul>\n<li>Se reservar\u00e1n plazas de manera firme \u00fanicamente con el dep\u00f3sito de 50\u20ac para las salidas de 2 a 4 d\u00edas y de 100\u20ac para las salidas de 5 o m\u00e1s d\u00edas. El importe restante se abonar\u00e1 seg\u00fan el calendario de pagos espec\u00edfico para cada viaje.<\/li>\n<li>En viajes de 2 o m\u00e1s d\u00edas, la reserva por tel\u00e9fono tendr\u00e1 una validez de 72 horas. A partir de este tiempo, deber\u00e1 formalizarse el dep\u00f3sito a cuenta o el abono total, seg\u00fan la antelaci\u00f3n, ya que, en caso contrario, ser\u00e1 anulada autom\u00e1ticamente, sin derecho a reclamaci\u00f3n.<\/li>\n<li>En viajes de 2 o m\u00e1s d\u00edas, dentro de los 15 d\u00edas previos a la salida, solo se aceptar\u00e1n reservas con el pago total del viaje.<\/li>\n<li>Las salidas de 1 d\u00eda deber\u00e1n abonarse 10 d\u00edas antes de la misma. De no efectuarse el pago dentro del plazo establecido, la plaza ser\u00e1 anulada autom\u00e1ticamente, sin derecho a reclamaci\u00f3n.<\/li>\n<\/ul>\n<p>&nbsp;<\/p>\n<p><strong>Anulaciones:<\/strong><\/p>\n<ul>\n<li>En las excursiones de un d\u00eda, toda reserva anulada entre 2 y 7 d\u00edas de anticipaci\u00f3n tendr\u00e1 un coste de gesti\u00f3n de 8 \u20ac por plaza. Si se produce el d\u00eda h\u00e1bil anterior a la salida, ser\u00e1n 15 \u20ac de gesti\u00f3n. Los cambios de reservas realizados con menos de 3 d\u00edas de anticipaci\u00f3n a la salida se considerar\u00e1n como anulaci\u00f3n.<\/li>\n<li>En los viajes de 2 o m\u00e1s d\u00edas, los gastos de gesti\u00f3n y comunicaci\u00f3n ser\u00e1n de 50 \u20ac fijos, adem\u00e1s de los gastos de anulaci\u00f3n que depender\u00e1n de los d\u00edas de anticipaci\u00f3n con los que se comunique, a saber: entre 11 y 15 d\u00edas un 5%, entre 3 y 10 d\u00edas un 15%, dentro de las 48 horas h\u00e1biles no festivos antes de la salida un 50%. Algunas salidas especiales pueden tener condiciones m\u00e1s restrictivas dependiendo de los servicios del viaje.<\/li>\n<li>En todos los viajes, tanto de un d\u00eda como de m\u00e1s duraci\u00f3n, la no presentaci\u00f3n a la salida o el abandono del viaje iniciado comportar\u00e1 la p\u00e9rdida del importe del mismo.<\/li>\n<\/ul>\n<p>&nbsp;<\/p>\n<p><strong>Condiciones especiales seg\u00fan la compa\u00f1\u00eda:<\/strong><\/p>\n<ul>\n<li>En caso de no cubrirse una inscripci\u00f3n m\u00ednima de 35 plazas para alguno de los viajes programados, la agencia organizadora se reserva el derecho de anular el viaje con la \u00fanica obligaci\u00f3n de devolver las cantidades recibidas.<\/li>\n<li>Los gastos de anulaci\u00f3n en viajes internacionales, as\u00ed como en viajes con transporte a\u00e9reo, mar\u00edtimo o ferroviario, vendr\u00e1n determinados por las condiciones de anulaci\u00f3n que establezcan las diferentes compa\u00f1\u00edas de transporte y receptivas.<\/li>\n<\/ul>\n<p>&nbsp;<\/p>\n<p><strong>Salida y llegada de autobuses:<\/strong><\/p>\n<ul>\n<li>Las salidas y llegadas de los autobuses tendr\u00e1n lugar seg\u00fan indique cada programa.<\/li>\n<li>Los pasajeros tendr\u00e1n asientos numerados por orden de inscripci\u00f3n.<\/li>\n<\/ul>\n<p>&nbsp;<\/p>\n<p><strong>Valor de los viajes:<\/strong><br \/>\nLos precios de estos viajes han sido calculados con las tarifas vigentes en enero de 2025 y, en caso de posibles oscilaciones en los costes de tasas a\u00e9reas, impuestos, combustible, devaluaci\u00f3n de moneda, visados y otros, si se produce un aumento o disminuci\u00f3n de los mismos dentro de los plazos legales, se repercutir\u00e1 en consecuencia. Reglamentaci\u00f3n de Agencias de Viajes, Clausulado 2000 y Derechos del Consumidor. Los precios indicados no incluyen propinas al personal de los diferentes servicios, ni gu\u00edas locales ni entradas a museos, monumentos, barcos, trenes, telef\u00e9ricos, etc., si no se indica expl\u00edcitamente su inclusi\u00f3n. IVA incluido.<\/p>\n<p>&nbsp;<\/p>\n<p><strong>Organizaci\u00f3n t\u00e9cnica:<\/strong><br \/>\nSalvo que se indique especialmente, la organizaci\u00f3n de estos viajes corre a cargo del operador de viajes con t\u00edtulo GC 75MD de la Generalitat de Catalunya. Reglamentaci\u00f3n de Agencias de Viajes, Clausulado 2000 y Derechos del Consumidor.[\/vc_column_text][vc_empty_space][\/vc_column][\/vc_row]<\/p>\n<\/div>","protected":false},"excerpt":{"rendered":"<p>[vc_row css_animation=\u00bb\u00bb row_type=\u00bbrow\u00bb use_row_as_full_screen_section=\u00bbno\u00bb type=\u00bbgrid\u00bb angled_section=\u00bbno\u00bb text_align=\u00bbleft\u00bb background_image_as_pattern=\u00bbwithout_pattern\u00bb z_index=\u00bb\u00bb][vc_column][vc_column_text css=\u00bb\u00bb]Inscripciones y pagos: Se reservar\u00e1n plazas de manera firme \u00fanicamente con el dep\u00f3sito de 50\u20ac para las salidas de 2 a 4 d\u00edas y de 100\u20ac para las salidas de 5 o m\u00e1s d\u00edas. El importe&#8230;<\/p>\n","protected":false},"author":1,"featured_media":0,"parent":0,"menu_order":0,"comment_status":"closed","ping_status":"closed","template":"","meta":{"footnotes":""},"class_list":["post-2388","page","type-page","status-publish","hentry"],"publishpress_future_action":{"enabled":false,"date":"2026-05-15 21:48:28","action":"change-status","newStatus":"draft","terms":[],"taxonomy":"translation_priority"},"publishpress_future_workflow_manual_trigger":{"enabledWorkflows":[]},"_links":{"self":[{"href":"https:\/\/hifetours.com\/es\/wp-json\/wp\/v2\/pages\/2388","targetHints":{"allow":["GET"]}}],"collection":[{"href":"https:\/\/hifetours.com\/es\/wp-json\/wp\/v2\/pages"}],"about":[{"href":"https:\/\/hifetours.com\/es\/wp-json\/wp\/v2\/types\/page"}],"author":[{"embeddable":true,"href":"https:\/\/hifetours.com\/es\/wp-json\/wp\/v2\/users\/1"}],"replies":[{"embeddable":true,"href":"https:\/\/hifetours.com\/es\/wp-json\/wp\/v2\/comments?post=2388"}],"version-history":[{"count":2,"href":"https:\/\/hifetours.com\/es\/wp-json\/wp\/v2\/pages\/2388\/revisions"}],"predecessor-version":[{"id":2391,"href":"https:\/\/hifetours.com\/es\/wp-json\/wp\/v2\/pages\/2388\/revisions\/2391"}],"wp:attachment":[{"href":"https:\/\/hifetours.com\/es\/wp-json\/wp\/v2\/media?parent=2388"}],"curies":[{"name":"wp","href":"https:\/\/api.w.org\/{rel}","templated":true}]}}