{"id":1979,"date":"2023-04-04T10:21:44","date_gmt":"2023-04-04T08:21:44","guid":{"rendered":"https:\/\/hifetours.com\/staging\/politica-de-privacitat\/"},"modified":"2023-04-04T23:14:32","modified_gmt":"2023-04-04T21:14:32","slug":"politica-de-privacitat","status":"publish","type":"page","link":"https:\/\/hifetours.com\/es\/politica-de-privacitat\/","title":{"rendered":"Pol\u00edtica de privacidad"},"content":{"rendered":"<div class=\"wpb-content-wrapper\"><p>[vc_row css_animation=\u00bb\u00bb row_type=\u00bbrow\u00bb use_row_as_full_screen_section=\u00bbno\u00bb type=\u00bbgrid\u00bb angled_section=\u00bbno\u00bb text_align=\u00bbleft\u00bb background_image_as_pattern=\u00bbwithout_pattern\u00bb z_index=\u00bb\u00bb][vc_column][vc_column_text]<strong>IDENTIFICACI\u00d3N DEL RESPONSABLE<\/strong><\/p>\n<p>Titular: TERMINALTOUR S.L.(en adelante Hifetours)<\/p>\n<p>Domicilio social: C. Despuig, 27\u00a0, 43500 Tortosa\u00a0NIF: B-43255975<\/p>\n<p>Correo electr\u00f3nico: hifetours@hifetours.com<\/p>\n<p>&nbsp;<\/p>\n<p><strong>INFORMACI\u00d3N Y CONSENTIMIENTO<\/strong><br \/>\nDe conformidad con lo dispuesto en el Reglamento General UE 679\/2016 de Protecci\u00f3n de Datos (en adelante, \u201cRGPD\u201d) y en la Ley org\u00e1nica 3\/2018, de 5 de diciembre, de Protecci\u00f3n de Datos y Garant\u00eda de los Derechos Digitales (en adelante, \u201cLOPDGDD\u201d) mediante la aceptaci\u00f3n de la presente Pol\u00edtica de Privacidad el usuario web (en adelante, el \u201cUsuario\u201d) PRESTA SU CONSENTIMIENTO informado, expreso, libre e inequ\u00edvoco para tratar los datos personales recabados a trav\u00e9s del sitio web https:\/\/hifetourscom (en adelante, el \u201cSitio web\u201d) ya sea a trav\u00e9s de formularios habilitados al efecto o bien a trav\u00e9s de la informaci\u00f3n recabada por las cookies. Asimismo, el Usuario consiente en que estos datos sean tratados por Hifetours para prestar sus servicios aplicando las medidas organizativas y de seguridad requeridas por el RGPD.<br \/>\nTodos los datos personales solicitados al Usuario en el Sitio Web son obligatorios, no siendo posible prestar cada uno de los servicios sin el correspondiente tratamiento de datos por parte de Hifetours. Sin embargo, la navegaci\u00f3n en el Sitio Web es libre y gratuita.<\/p>\n<p>El Usuario garantiza que los datos personales facilitados a Hifetours son ciertos y exactos, por lo que Hifetours no se har\u00e1 responsable de cualquier incidencia derivada de la inexactitud o falsedad de la informaci\u00f3n proporcionada por los Usuarios, m\u00e1s all\u00e1 de la posibilidad que tiene Usuario de ejercitar su derecho de rectificaci\u00f3n.<\/p>\n<p>En caso de que el Usuario facilite datos de terceras personas, como responsable o encargado del tratamiento, ser\u00e1 responsable de cumplir con toda la normativa de protecci\u00f3n de datos aplicable.<\/p>\n<p>Adem\u00e1s, el Usuario garantiza que ha obtenido todos los consentimientos, autorizaciones y\/o aprobaciones legalmente necesarias antes de incluir datos personales de terceros en el Sitio Web.<\/p>\n<p>&nbsp;<\/p>\n<p><strong>PROCEDENCIA, FINALIDAD Y BASE JUR\u00cdDICA<\/strong><br \/>\nLos datos personales del Usuario, o de terceros, que sean cedidos por el Usuario, ser\u00e1n tratados de forma confidencial y quedar\u00e1n incorporados a la correspondiente actividad de tratamiento de Hifetours.<\/p>\n<p>Las actividades de tratamiento llevadas a cabo por Hifetours son las siguientes:<\/p>\n<p><strong>ACTIVIDAD<\/strong>:<br \/>\nCONTACTO V\u00cdA FORMULARIO Y CORREO ELECTR\u00d3NICO<\/p>\n<p><strong>PROCEDENCIA:<\/strong><br \/>\nDel mismo Usuario a trav\u00e9s del formulario de contacto, de la ventana emergente del chat online al sitio web o mediante el env\u00edo de correos electr\u00f3nicos a la direcci\u00f3n indicada en el Sitio Web:<\/p>\n<p><strong>BASE JUR\u00cdDICA:<\/strong><br \/>\nReglamento General de Protecci\u00f3n de Datos, en particular: Art. 6.1.a): consentimiento del Usuario para uno o varios fines espec\u00edficos.<\/p>\n<p><strong>HASTA TRATAMIENTO:<\/strong><br \/>\nAtender y responder a las consultas solicitadas por el Usuario.<\/p>\n<p><strong>COLECTIVO:<\/strong><br \/>\nPersonas f\u00edsicas, incluidas los representantes de personas jur\u00eddicas, usuarios del Sitio Web.<\/p>\n<p><strong>CATEGOR\u00cdA DE DATOS:<\/strong><br \/>\nNombre y Apellidos y correo electr\u00f3nico, as\u00ed como el resto de datos que el propio Usuario indique en el cuerpo del mensaje oa trav\u00e9s del chat online.<\/p>\n<p><strong>DESTINATARIOS:<\/strong><br \/>\nNo est\u00e1 prevista la cesi\u00f3n de datos a terceros, salvo por obligaci\u00f3n legal o previo consentimiento inequ\u00edvoco e informado del Usuario.<\/p>\n<p><strong>TRANSFERENCIA INTERNACIONAL:<\/strong><br \/>\nNo est\u00e1 prevista la transferencia internacional de datos.<\/p>\n<p><strong>PLAZOS DE CONSERVACI\u00d3N:<\/strong><br \/>\nLos datos ser\u00e1n conservados durante el plazo de tiempo estrictamente necesario para cumplir con la finalidad por la que fueron recabados. En cualquier caso, el plazo m\u00e1ximo de conservaci\u00f3n ser\u00e1 de un a\u00f1o.<\/p>\n<p><strong>ACTIVIDAD:<\/strong><br \/>\nNEWSLETTER<\/p>\n<p><strong>PROCEDENCIA:<\/strong><br \/>\nDel propio Usuario a trav\u00e9s del formulario de suscripci\u00f3n disponible en el Sitio Web.<\/p>\n<p><strong>BASE JUR\u00cdDICA:<\/strong><br \/>\nReglamento General de Protecci\u00f3n de Datos, en particular: Arte. 6.1.a): consentimiento del Usuario para uno o varios fines espec\u00edficos.<\/p>\n<p><strong>FINALIDADES TRATAMIENTO:<\/strong><br \/>\nEnv\u00edo de informaci\u00f3n relacionada con las actualizaciones realizadas, servicios y publicaciones de Hifetours.<\/p>\n<p><strong>COLECTIVO:<\/strong><br \/>\nIncluidas las representantes de personas jur\u00eddicas, usuarios del Sitio Web.<\/p>\n<p><strong>CATEGOR\u00cdA DE DATOS:<\/strong><br \/>\nLa direcci\u00f3n de correo electr\u00f3nico.<\/p>\n<p><strong>DESTINATARIOS:<\/strong><br \/>\nNo est\u00e1 prevista la cesi\u00f3n de datos a terceros, salvo obligaci\u00f3n legal o previo consentimiento inequ\u00edvoco e informado del Usuario.<\/p>\n<p><strong>TRANSFERENCIA INTERNACIONAL:<\/strong><br \/>\nNo est\u00e1 prevista la transferencia internacional de datos.<\/p>\n<p><strong>PLAZOS DE CONSERVACI\u00d3N:<\/strong><br \/>\nLos datos ser\u00e1n conservados hasta que el Usuario retire su consentimiento o haya terminado la finalidad para la que fueron recabados, salvo que los datos deban mantenerse por una obligaci\u00f3n legal.<\/p>\n<p>&nbsp;<\/p>\n<p><strong>4. DATOS DEL USUARIO<\/strong><br \/>\nEl Usuario garantiza que los datos aportados son ver\u00eddicos, exactos, completos y actualizados, siendo \u00e9ste responsable de cualquier da\u00f1o o perjuicio, directo o indirecto, que pudiera ocasionarse a consecuencia del incumplimiento de tal obligaci\u00f3n, m\u00e1s all\u00e1 de la posibilidad que tiene el Usuario de ejercer su derecho de rectificaci\u00f3n. En caso de que los datos aportados pertenecieran a un tercero, el Usuario garantiza que ha informado a dicha tercera de los aspectos contenidos en este documento y obtenido su autorizaci\u00f3n para facilitar sus datos al responsable para los fines anteriormente se\u00f1alados.<\/p>\n<p>La Empresa realiza todas las medidas que est\u00e1n a su alcance para garantizar la seguridad y privacidad de su informaci\u00f3n. Almacena sus datos en un servidor seguro.<\/p>\n<p>&nbsp;<\/p>\n<p><strong>5. POL\u00cdTICA DE COOKIES<\/strong><\/p>\n<p>De conformidad con lo dispuesto por el RGPD y la Ley 34\/2002, de Servicios de la Sociedad de la Informaci\u00f3n, todos los datos de car\u00e1cter personal obtenidos mediante las cookies durante la utilizaci\u00f3n del Sitio Web ser\u00e1n tratados de conformidad con lo dispuesto en la Pol\u00edtica de Cookies.<\/p>\n<p>&nbsp;<\/p>\n<p><strong>6. EJERCICIO DE DERECHOS<\/strong><\/p>\n<p>De conformidad con lo dispuesto en el RGPD, le informamos que puede ejercer sus derechos de acceso, rectificaci\u00f3n, supresi\u00f3n, oposici\u00f3n, portabilidad de los datos y limitaci\u00f3n del tratamiento directamente frente a Hifetours. Para facilitar el ejercicio de estos derechos, el Usuario podr\u00e1 acceder online al siguiente\u00a0formulario\u00a0de ejercicio de derechos, debiendo atenderse la solicitud en el plazo m\u00e1ximo de un (1) mes desde la recepci\u00f3n del formulario, o bien podr\u00e1 enviar un mensaje al efecto, indicando nombre, apellidos, email, n\u00famero de DNI o pasaporte, a la siguiente direcci\u00f3n de correo electr\u00f3nico: Hifetours@Hifetours.com El Usuario tambi\u00e9n podr\u00e1 ejercer sus derechos mediante la presentaci\u00f3n reclamaci\u00f3n ante la Agencia Espa\u00f1ola de Protecci\u00f3n de Datos.<\/p>\n<p>&nbsp;<\/p>\n<p><strong>7. ACEPTACI\u00d3N DE LA POL\u00cdTICA DE PRIVACIDAD<\/strong><\/p>\n<p>El Usuario\u00a0RECONECE Y ACEPTA HABER LE\u00cdDO Y COMPRENDIDO\u00a0la presente Pol\u00edtica de Privacidad cuyo contenido constituye la totalidad del acuerdo entre el Usuario e Hifetours respecto al uso y tratamiento de su informaci\u00f3n personal. El Usuario expresamente acepta obligarse, en los t\u00e9rminos de la presente Pol\u00edtica de Privacidad, en toda su extensi\u00f3n y alcance, sin exceptuar ninguna de sus disposiciones.<\/p>\n<p>\u00a9 2023 TERMINALTOUR S.L. Todos los derechos reservados.[\/vc_column_text][vc_empty_space][\/vc_column][\/vc_row]<\/p>\n<\/div>","protected":false},"excerpt":{"rendered":"<p>[vc_row css_animation=\u00bb\u00bb row_type=\u00bbrow\u00bb use_row_as_full_screen_section=\u00bbno\u00bb type=\u00bbgrid\u00bb angled_section=\u00bbno\u00bb text_align=\u00bbleft\u00bb background_image_as_pattern=\u00bbwithout_pattern\u00bb z_index=\u00bb\u00bb][vc_column][vc_column_text]IDENTIFICACI\u00d3N DEL RESPONSABLE Titular: TERMINALTOUR S.L.(en adelante Hifetours) Domicilio social: C. Despuig, 27\u00a0, 43500 Tortosa\u00a0NIF: B-43255975 Correo electr\u00f3nico: hifetours@hifetours.com &nbsp; INFORMACI\u00d3N Y CONSENTIMIENTO De conformidad con lo dispuesto en el Reglamento General UE 679\/2016 de Protecci\u00f3n de&#8230;<\/p>\n","protected":false},"author":1,"featured_media":0,"parent":0,"menu_order":0,"comment_status":"closed","ping_status":"closed","template":"","meta":{"footnotes":""},"class_list":["post-1979","page","type-page","status-publish","hentry"],"publishpress_future_action":{"enabled":false,"date":"2026-05-20 10:12:58","action":"change-status","newStatus":"draft","terms":[],"taxonomy":"translation_priority"},"publishpress_future_workflow_manual_trigger":{"enabledWorkflows":[]},"_links":{"self":[{"href":"https:\/\/hifetours.com\/es\/wp-json\/wp\/v2\/pages\/1979","targetHints":{"allow":["GET"]}}],"collection":[{"href":"https:\/\/hifetours.com\/es\/wp-json\/wp\/v2\/pages"}],"about":[{"href":"https:\/\/hifetours.com\/es\/wp-json\/wp\/v2\/types\/page"}],"author":[{"embeddable":true,"href":"https:\/\/hifetours.com\/es\/wp-json\/wp\/v2\/users\/1"}],"replies":[{"embeddable":true,"href":"https:\/\/hifetours.com\/es\/wp-json\/wp\/v2\/comments?post=1979"}],"version-history":[{"count":3,"href":"https:\/\/hifetours.com\/es\/wp-json\/wp\/v2\/pages\/1979\/revisions"}],"predecessor-version":[{"id":1982,"href":"https:\/\/hifetours.com\/es\/wp-json\/wp\/v2\/pages\/1979\/revisions\/1982"}],"wp:attachment":[{"href":"https:\/\/hifetours.com\/es\/wp-json\/wp\/v2\/media?parent=1979"}],"curies":[{"name":"wp","href":"https:\/\/api.w.org\/{rel}","templated":true}]}}