{"id":1975,"date":"2023-04-04T10:25:26","date_gmt":"2023-04-04T08:25:26","guid":{"rendered":"https:\/\/hifetours.com\/staging\/politica-de-cookies\/"},"modified":"2023-04-04T23:07:45","modified_gmt":"2023-04-04T21:07:45","slug":"politica-de-cookies","status":"publish","type":"page","link":"https:\/\/hifetours.com\/es\/politica-de-cookies\/","title":{"rendered":"Pol\u00edtica de cookies"},"content":{"rendered":"<div class=\"wpb-content-wrapper\"><p>[vc_row css_animation=\u00bb\u00bb row_type=\u00bbrow\u00bb use_row_as_full_screen_section=\u00bbno\u00bb type=\u00bbgrid\u00bb angled_section=\u00bbno\u00bb text_align=\u00bbleft\u00bb background_image_as_pattern=\u00bbwithout_pattern\u00bb z_index=\u00bb\u00bb][vc_column][vc_column_text]<strong>Pol\u00edtica de cookies<\/strong><\/p>\n<p>Nuestra web utiliza cookies para mejorar la experiencia del usuario. Las cookies son peque\u00f1os archivos de texto que se almacenan en el navegador del usuario cuando accede a nuestra web.<\/p>\n<p>Adem\u00e1s de las cookies que se utilizan para recopilar informaci\u00f3n estad\u00edstica sobre el uso del sitio web, tambi\u00e9n utilizamos cookies que son necesarias para permitir que el sitio web funcione correctamente, como las cookies de idioma que se utilizan para recordar las preferencias del idioma del usuario y proporcionar la experiencia de navegaci\u00f3n adecuada. Tambi\u00e9n se pueden utilizar otras cookies para personalizar la experiencia del usuario y ofrecerle contenido y publicidad relevantes. Al utilizar nuestro sitio web, el usuario acepta el uso de cookies de acuerdo a nuestra pol\u00edtica de cookies.<\/p>\n<p>Utilizamos Google Analytics, un servicio de an\u00e1lisis web proporcionado por Google, Inc. (\u00abGoogle\u00bb). Google Analytics utiliza cookies para analizar c\u00f3mo los usuarios utilizan nuestra web. La informaci\u00f3n generada por la cookie sobre el uso de la web (incluyendo la direcci\u00f3n IP del usuario) ser\u00e1 transmitida y almacenada por Google a servidores en Estados Unidos.<\/p>\n<p>Google utilizar\u00e1 esta informaci\u00f3n para evaluar el uso de la web, recopilar informes sobre la actividad de la web para los operadores de la web y proporcionar otros servicios relacionados con la actividad de la web y el uso de Internet. Google tambi\u00e9n puede transferir esta informaci\u00f3n a terceros cuando as\u00ed lo requiera la ley, o cuando estos terceros procesen la informaci\u00f3n en nombre de Google.<\/p>\n<p>Al utilizar nuestra web, el usuario acepta que se utilicen cookies de Google Analytics. El usuario puede rechazar el uso de cookies en cualquier momento configurando su navegador para que las rechace o para que le avise cuando se env\u00eda una cookie. Sin embargo, al deshabilitar las cookies, algunas caracter\u00edsticas de la web pueden no funcionar correctamente.<\/p>\n<p>Al continuar navegando por nuestra web sin modificar la configuraci\u00f3n de cookies, el usuario acepta nuestra pol\u00edtica de cookies y el uso de cookies de Google Analytics. Si desea obtener m\u00e1s informaci\u00f3n sobre las cookies que utilizamos en nuestra web, por favor p\u00f3ngase en contacto con nosotros a trav\u00e9s de nuestro formulario de contacto en la p\u00e1gina web.<\/p>\n<p>\u00a9 2023 TERMINALTOUR S.L. Todos los derechos reservados.[\/vc_column_text][vc_empty_space][\/vc_column][\/vc_row]<\/p>\n<\/div>","protected":false},"excerpt":{"rendered":"<p>[vc_row css_animation=\u00bb\u00bb row_type=\u00bbrow\u00bb use_row_as_full_screen_section=\u00bbno\u00bb type=\u00bbgrid\u00bb angled_section=\u00bbno\u00bb text_align=\u00bbleft\u00bb background_image_as_pattern=\u00bbwithout_pattern\u00bb z_index=\u00bb\u00bb][vc_column][vc_column_text]Pol\u00edtica de cookies Nuestra web utiliza cookies para mejorar la experiencia del usuario. Las cookies son peque\u00f1os archivos de texto que se almacenan en el navegador del usuario cuando accede a nuestra web. Adem\u00e1s de las cookies&#8230;<\/p>\n","protected":false},"author":1,"featured_media":0,"parent":0,"menu_order":0,"comment_status":"closed","ping_status":"closed","template":"","meta":{"footnotes":""},"class_list":["post-1975","page","type-page","status-publish","hentry"],"publishpress_future_action":{"enabled":false,"date":"2026-05-05 12:58:36","action":"change-status","newStatus":"draft","terms":[],"taxonomy":"translation_priority"},"publishpress_future_workflow_manual_trigger":{"enabledWorkflows":[]},"_links":{"self":[{"href":"https:\/\/hifetours.com\/es\/wp-json\/wp\/v2\/pages\/1975","targetHints":{"allow":["GET"]}}],"collection":[{"href":"https:\/\/hifetours.com\/es\/wp-json\/wp\/v2\/pages"}],"about":[{"href":"https:\/\/hifetours.com\/es\/wp-json\/wp\/v2\/types\/page"}],"author":[{"embeddable":true,"href":"https:\/\/hifetours.com\/es\/wp-json\/wp\/v2\/users\/1"}],"replies":[{"embeddable":true,"href":"https:\/\/hifetours.com\/es\/wp-json\/wp\/v2\/comments?post=1975"}],"version-history":[{"count":2,"href":"https:\/\/hifetours.com\/es\/wp-json\/wp\/v2\/pages\/1975\/revisions"}],"predecessor-version":[{"id":1977,"href":"https:\/\/hifetours.com\/es\/wp-json\/wp\/v2\/pages\/1975\/revisions\/1977"}],"wp:attachment":[{"href":"https:\/\/hifetours.com\/es\/wp-json\/wp\/v2\/media?parent=1975"}],"curies":[{"name":"wp","href":"https:\/\/api.w.org\/{rel}","templated":true}]}}