{"id":1892,"date":"2023-04-02T13:32:15","date_gmt":"2023-04-02T11:32:15","guid":{"rendered":"https:\/\/hifetours.com\/staging\/viaje-a-medida\/"},"modified":"2025-02-09T23:26:57","modified_gmt":"2025-02-09T22:26:57","slug":"viaje-a-medida","status":"publish","type":"page","link":"https:\/\/hifetours.com\/es\/viaje-a-medida\/","title":{"rendered":"Viaje a medida"},"content":{"rendered":"<div class=\"wpb-content-wrapper\"><p>[vc_row css_animation=\u00bb\u00bb row_type=\u00bbrow\u00bb use_row_as_full_screen_section=\u00bbno\u00bb type=\u00bbgrid\u00bb angled_section=\u00bbno\u00bb text_align=\u00bbleft\u00bb background_image_as_pattern=\u00bbwithout_pattern\u00bb full_width=\u00bbstretch_row\u00bb gap=\u00bb10&#8243; content_placement=\u00bbtop\u00bb padding_top=\u00bb104&#8243; padding_bottom=\u00bb97&#8243; z_index=\u00bb\u00bb css=\u00bb.vc_custom_1647509665851{margin-top: 20px !important;margin-right: 5% !important;margin-left: 5% !important;}\u00bb][vc_column offset=\u00bbvc_col-md-6&#8243;][vc_column_text css=\u00bb\u00bb]<\/p>\n<h3>P\u00cdDENOS M\u00c1S INFORMACI\u00d3N<\/h3>\n<p>[\/vc_column_text][vc_empty_space height=\u00bb16px\u00bb][vc_column_text css=\u00bb\u00bb]Cu\u00e9ntanos d\u00f3nde te gustar\u00eda hacer tu pr\u00f3ximo viaje y nuestros agentes buscar\u00e1n las mejores opciones para que puedas realizar el viaje de tu vida.[\/vc_column_text][vc_empty_space height=\u00bb26px\u00bb]\n<div class=\"wpcf7 no-js\" id=\"wpcf7-f1923-o1\" lang=\"es-ES\" dir=\"ltr\" data-wpcf7-id=\"1923\">\n<div class=\"screen-reader-response\"><p role=\"status\" aria-live=\"polite\" aria-atomic=\"true\"><\/p> <ul><\/ul><\/div>\n<form action=\"\/es\/wp-json\/wp\/v2\/pages\/1892#wpcf7-f1923-o1\" method=\"post\" class=\"wpcf7-form init cf7_custom_style_2\" aria-label=\"Formulario de contacto\" novalidate=\"novalidate\" data-status=\"init\">\n<div style=\"display: none;\">\n<input type=\"hidden\" name=\"_wpcf7\" value=\"1923\" \/>\n<input type=\"hidden\" name=\"_wpcf7_version\" value=\"6.0.3\" \/>\n<input type=\"hidden\" name=\"_wpcf7_locale\" value=\"es_ES\" \/>\n<input type=\"hidden\" name=\"_wpcf7_unit_tag\" value=\"wpcf7-f1923-o1\" \/>\n<input type=\"hidden\" name=\"_wpcf7_container_post\" value=\"0\" \/>\n<input type=\"hidden\" name=\"_wpcf7_posted_data_hash\" value=\"\" \/>\n<input type=\"hidden\" name=\"_wpcf7cf_hidden_group_fields\" value=\"[]\" \/>\n<input type=\"hidden\" name=\"_wpcf7cf_hidden_groups\" value=\"[]\" \/>\n<input type=\"hidden\" name=\"_wpcf7cf_visible_groups\" value=\"[]\" \/>\n<input type=\"hidden\" name=\"_wpcf7cf_repeaters\" value=\"[]\" \/>\n<input type=\"hidden\" name=\"_wpcf7cf_steps\" value=\"{}\" \/>\n<input type=\"hidden\" name=\"_wpcf7cf_options\" value=\"{&quot;form_id&quot;:1923,&quot;conditions&quot;:[{&quot;then_field&quot;:&quot;group-88&quot;,&quot;and_rules&quot;:[{&quot;if_field&quot;:&quot;num-nenstotal&quot;,&quot;operator&quot;:&quot;greater than or equals&quot;,&quot;if_value&quot;:&quot;1&quot;}]},{&quot;then_field&quot;:&quot;group-89&quot;,&quot;and_rules&quot;:[{&quot;if_field&quot;:&quot;num-nenstotal&quot;,&quot;operator&quot;:&quot;greater than or equals&quot;,&quot;if_value&quot;:&quot;2&quot;}]},{&quot;then_field&quot;:&quot;group-90&quot;,&quot;and_rules&quot;:[{&quot;if_field&quot;:&quot;num-nenstotal&quot;,&quot;operator&quot;:&quot;greater than or equals&quot;,&quot;if_value&quot;:&quot;3&quot;}]},{&quot;then_field&quot;:&quot;group-91&quot;,&quot;and_rules&quot;:[{&quot;if_field&quot;:&quot;num-nenstotal&quot;,&quot;operator&quot;:&quot;greater than or equals&quot;,&quot;if_value&quot;:&quot;4&quot;}]},{&quot;then_field&quot;:&quot;group-92&quot;,&quot;and_rules&quot;:[{&quot;if_field&quot;:&quot;num-nenstotal&quot;,&quot;operator&quot;:&quot;greater than or equals&quot;,&quot;if_value&quot;:&quot;5&quot;}]},{&quot;then_field&quot;:&quot;group-93&quot;,&quot;and_rules&quot;:[{&quot;if_field&quot;:&quot;num-nenstotal&quot;,&quot;operator&quot;:&quot;greater than or equals&quot;,&quot;if_value&quot;:&quot;6&quot;}]},{&quot;then_field&quot;:&quot;group-94&quot;,&quot;and_rules&quot;:[{&quot;if_field&quot;:&quot;num-adults&quot;,&quot;operator&quot;:&quot;equals&quot;,&quot;if_value&quot;:&quot;7&quot;}]}],&quot;settings&quot;:{&quot;animation&quot;:&quot;yes&quot;,&quot;animation_intime&quot;:200,&quot;animation_outtime&quot;:200,&quot;conditions_ui&quot;:&quot;normal&quot;,&quot;notice_dismissed&quot;:false,&quot;notice_dismissed_rollback-cf7-5.8.5&quot;:true,&quot;notice_dismissed_rollback-cf7-5.8.7&quot;:true}}\" \/>\n<input type=\"hidden\" name=\"_wpcf7dtx_version\" value=\"5.0.2\" \/>\n<input type=\"hidden\" name=\"_wpcf7_recaptcha_response\" value=\"\" \/>\n<\/div>\n<p><label> Nombre:<br \/>\n<span class=\"wpcf7-form-control-wrap\" data-name=\"your-name\"><input size=\"40\" maxlength=\"400\" class=\"wpcf7-form-control wpcf7-text wpcf7-validates-as-required\" aria-required=\"true\" aria-invalid=\"false\" value=\"\" type=\"text\" name=\"your-name\" \/><\/span> <\/label>\n<\/p>\n<p><label> Correo electr\u00f3nico:<br \/>\n<span class=\"wpcf7-form-control-wrap\" data-name=\"your-email\"><input size=\"40\" maxlength=\"400\" class=\"wpcf7-form-control wpcf7-email wpcf7-validates-as-required wpcf7-text wpcf7-validates-as-email\" aria-required=\"true\" aria-invalid=\"false\" value=\"\" type=\"email\" name=\"your-email\" \/><\/span> <\/label>\n<\/p>\n<p><label> Tel\u00e9fono:<br \/>\n<span class=\"wpcf7-form-control-wrap\" data-name=\"tel-56\"><input size=\"40\" maxlength=\"400\" class=\"wpcf7-form-control wpcf7-tel wpcf7-validates-as-required wpcf7-text wpcf7-validates-as-tel\" aria-required=\"true\" aria-invalid=\"false\" value=\"\" type=\"tel\" name=\"tel-56\" \/><\/span><\/label>\n<\/p>\n<p><label> Destino:<br \/>\n<span class=\"wpcf7-form-control-wrap\" data-name=\"dest-199\"><input size=\"40\" maxlength=\"400\" class=\"wpcf7-form-control wpcf7-text wpcf7-validates-as-required\" aria-required=\"true\" aria-invalid=\"false\" value=\"\" type=\"text\" name=\"dest-199\" \/><\/span> <\/label>\n<\/p>\n<p><label> Fecha ida:<br \/>\n<span class=\"wpcf7-form-control-wrap\" data-name=\"date-anada\"><input class=\"wpcf7-form-control wpcf7-date wpcf7-validates-as-date\" aria-invalid=\"false\" value=\"\" type=\"date\" name=\"date-anada\" \/><\/span> <\/label>\n<\/p>\n<p><label> Fecha vuelta:<br \/>\n<span class=\"wpcf7-form-control-wrap\" data-name=\"date-tornada\"><input class=\"wpcf7-form-control wpcf7-date wpcf7-validates-as-date\" aria-invalid=\"false\" value=\"\" type=\"date\" name=\"date-tornada\" \/><\/span> <\/label><br \/>\n<br \/>\nCategor\u00eda hotel:<br \/>\n<span class=\"wpcf7-form-control-wrap\" data-name=\"radio-categoria\"><span class=\"wpcf7-form-control wpcf7-radio\"><span class=\"wpcf7-list-item first\"><label><input type=\"radio\" name=\"radio-categoria\" value=\"2 estrellas\" checked=\"checked\" \/><span class=\"wpcf7-list-item-label\">2 estrellas<\/span><\/label><\/span><span class=\"wpcf7-list-item\"><label><input type=\"radio\" name=\"radio-categoria\" value=\"3 estrellas\" \/><span class=\"wpcf7-list-item-label\">3 estrellas<\/span><\/label><\/span><span class=\"wpcf7-list-item\"><label><input type=\"radio\" name=\"radio-categoria\" value=\"4 estrellas\" \/><span class=\"wpcf7-list-item-label\">4 estrellas<\/span><\/label><\/span><span class=\"wpcf7-list-item last\"><label><input type=\"radio\" name=\"radio-categoria\" value=\"5 estrellas\" \/><span class=\"wpcf7-list-item-label\">5 estrellas<\/span><\/label><\/span><\/span><\/span>\n<\/p>\n<p>R\u00e9gimen hotel:<br \/>\n<span class=\"wpcf7-form-control-wrap\" data-name=\"radio-regim\"><span class=\"wpcf7-form-control wpcf7-radio\"><span class=\"wpcf7-list-item first\"><label><input type=\"radio\" name=\"radio-regim\" value=\"SA (Solo alojamiento)\" checked=\"checked\" \/><span class=\"wpcf7-list-item-label\">SA (Solo alojamiento)<\/span><\/label><\/span><span class=\"wpcf7-list-item\"><label><input type=\"radio\" name=\"radio-regim\" value=\"AD (Alojamiento y desayuno)\" \/><span class=\"wpcf7-list-item-label\">AD (Alojamiento y desayuno)<\/span><\/label><\/span><span class=\"wpcf7-list-item\"><label><input type=\"radio\" name=\"radio-regim\" value=\"MP (Media pensi\u00f3n)\" \/><span class=\"wpcf7-list-item-label\">MP (Media pensi\u00f3n)<\/span><\/label><\/span><span class=\"wpcf7-list-item\"><label><input type=\"radio\" name=\"radio-regim\" value=\"PC (Pensi\u00f3n completa)\" \/><span class=\"wpcf7-list-item-label\">PC (Pensi\u00f3n completa)<\/span><\/label><\/span><span class=\"wpcf7-list-item last\"><label><input type=\"radio\" name=\"radio-regim\" value=\"TI (Todo incluido)\" \/><span class=\"wpcf7-list-item-label\">TI (Todo incluido)<\/span><\/label><\/span><\/span><\/span>\n<\/p>\n<p><label> N\u00famero de personas adultas:<br \/>\n<span class=\"wpcf7-form-control-wrap\" data-name=\"num-adults\"><input class=\"wpcf7-form-control wpcf7-number wpcf7-validates-as-number\" aria-invalid=\"false\" value=\"\" type=\"number\" name=\"num-adults\" \/><\/span><\/label>\n<\/p>\n<p><label> N\u00famero de ni\u00f1os\/as:<br \/>\n<span class=\"wpcf7-form-control-wrap\" data-name=\"num-nenstotal\"><input class=\"wpcf7-form-control wpcf7-number wpcf7-validates-as-number\" min=\"0\" max=\"7\" aria-invalid=\"false\" value=\"\" type=\"number\" name=\"num-nenstotal\" \/><\/span><\/label>\n<\/p>\n<div data-id=\"group-94\" data-orig_data_id=\"group-94\"  data-class=\"wpcf7cf_group\">\n\t<p>Si viajan m\u00e1s de 6 ni\u00f1os\/as p\u00f3ngase en contacto con nosotros\n\t<\/p>\n<\/div>\n<div data-id=\"group-88\" data-orig_data_id=\"group-88\"  data-class=\"wpcf7cf_group\">\n\t<p>Edad del ni\u00f1o\/a 1<span class=\"wpcf7-form-control-wrap\" data-name=\"number-edat-nen1\"><input class=\"wpcf7-form-control wpcf7-number wpcf7-validates-as-number\" min=\"1\" max=\"17\" aria-invalid=\"false\" value=\"\" type=\"number\" name=\"number-edat-nen1\" \/><\/span>\n\t<\/p>\n<\/div>\n<div data-id=\"group-89\" data-orig_data_id=\"group-89\"  data-class=\"wpcf7cf_group\">\n\t<p>Edad del ni\u00f1o\/a 2<span class=\"wpcf7-form-control-wrap\" data-name=\"number-edat-nen2\"><input class=\"wpcf7-form-control wpcf7-number wpcf7-validates-as-number\" min=\"1\" max=\"17\" aria-invalid=\"false\" value=\"\" type=\"number\" name=\"number-edat-nen2\" \/><\/span>\n\t<\/p>\n<\/div>\n<div data-id=\"group-90\" data-orig_data_id=\"group-90\"  data-class=\"wpcf7cf_group\">\n\t<p>Edad del ni\u00f1o\/a 3<span class=\"wpcf7-form-control-wrap\" data-name=\"number-edat-nen3\"><input class=\"wpcf7-form-control wpcf7-number wpcf7-validates-as-number\" min=\"1\" max=\"17\" aria-invalid=\"false\" value=\"\" type=\"number\" name=\"number-edat-nen3\" \/><\/span>\n\t<\/p>\n<\/div>\n<div data-id=\"group-91\" data-orig_data_id=\"group-91\"  data-class=\"wpcf7cf_group\">\n\t<p>Edad del ni\u00f1o\/a 4<span class=\"wpcf7-form-control-wrap\" data-name=\"number-edat-nen4\"><input class=\"wpcf7-form-control wpcf7-number wpcf7-validates-as-number\" min=\"1\" max=\"17\" aria-invalid=\"false\" value=\"\" type=\"number\" name=\"number-edat-nen4\" \/><\/span>\n\t<\/p>\n<\/div>\n<div data-id=\"group-92\" data-orig_data_id=\"group-92\"  data-class=\"wpcf7cf_group\">\n\t<p>Edad del ni\u00f1o\/a 5<span class=\"wpcf7-form-control-wrap\" data-name=\"number-edat-nen5\"><input class=\"wpcf7-form-control wpcf7-number wpcf7-validates-as-number\" min=\"1\" max=\"17\" aria-invalid=\"false\" value=\"\" type=\"number\" name=\"number-edat-nen5\" \/><\/span>\n\t<\/p>\n<\/div>\n<div data-id=\"group-93\" data-orig_data_id=\"group-93\"  data-class=\"wpcf7cf_group\">\n\t<p>Edad del ni\u00f1o\/a 6<span class=\"wpcf7-form-control-wrap\" data-name=\"number-edat-nen6\"><input class=\"wpcf7-form-control wpcf7-number wpcf7-validates-as-number\" min=\"1\" max=\"17\" aria-invalid=\"false\" value=\"\" type=\"number\" name=\"number-edat-nen6\" \/><\/span>\n\t<\/p>\n<\/div>\n<p><label> Observaciones:<br \/>\n<span class=\"wpcf7-form-control-wrap\" data-name=\"textarea-obs\"><textarea cols=\"40\" rows=\"10\" maxlength=\"2000\" class=\"wpcf7-form-control wpcf7-textarea\" aria-invalid=\"false\" name=\"textarea-obs\"><\/textarea><\/span><\/label><br \/>\n<br \/>\n<span class=\"wpcf7-form-control-wrap\" data-name=\"acceptance-746\"><span class=\"wpcf7-form-control wpcf7-acceptance\"><span class=\"wpcf7-list-item\"><input type=\"checkbox\" name=\"acceptance-746\" value=\"1\" aria-invalid=\"false\" \/><\/span><\/span><\/span> He le\u00eddo y acepto las <a href=\"https:\/\/hifetours.com\/es\/politica-de-privacitat\/\">condiciones de privacidad<\/a> de Hifetours.<br \/>\n<br \/>\n<span class=\"wpcf7-form-control-wrap page-title\" data-name=\"page-title\"><input type=\"hidden\" name=\"page-title\" class=\"wpcf7-form-control wpcf7-hidden wpcf7dtx wpcf7dtx-hidden\" aria-invalid=\"false\" value=\"Viaje a medida\"><\/span>\n<\/p>\n<p><input class=\"wpcf7-form-control wpcf7-submit has-spinner\" type=\"submit\" value=\"Enviar\" \/>\n<\/p><div class=\"wpcf7-response-output\" aria-hidden=\"true\"><\/div>\n<\/form>\n<\/div>\n[vc_empty_space height=\u00bb30px\u00bb][\/vc_column][vc_column offset=\u00bbvc_col-md-6&#8243;][vc_column_text]<\/p>\n<h3>VIAJES A MEDIDA<\/h3>\n<div id=\"gtx-trans\">\n<div class=\"gtx-trans-icon\"><\/div>\n<\/div>\n<p>[\/vc_column_text][vc_column_text css=\u00bb\u00bb]En <span class=\"hiddenSpellError\">Hifetours<\/span> personalizamos los viajes a las necesidades de cada clienta\/e para ofrecerle una experiencia \u00fanica e inolvidable.[\/vc_column_text][vc_empty_space height=\u00bb30px\u00bb][vc_gallery type=\u00bbimage_grid\u00bb images=\u00bb1463,1470,1477,1425&#8243; img_size=\u00bbfull\u00bb onclick=\u00bb\u00bb column_number=\u00bb2&#8243; grayscale=\u00bbno\u00bb images_space=\u00bbgallery_with_space\u00bb][\/vc_column][\/vc_row]<\/p>\n<\/div>","protected":false},"excerpt":{"rendered":"<p>[vc_row css_animation=\u00bb\u00bb row_type=\u00bbrow\u00bb use_row_as_full_screen_section=\u00bbno\u00bb type=\u00bbgrid\u00bb angled_section=\u00bbno\u00bb text_align=\u00bbleft\u00bb background_image_as_pattern=\u00bbwithout_pattern\u00bb full_width=\u00bbstretch_row\u00bb gap=\u00bb10&#8243; content_placement=\u00bbtop\u00bb padding_top=\u00bb104&#8243; padding_bottom=\u00bb97&#8243; z_index=\u00bb\u00bb css=\u00bb.vc_custom_1647509665851{margin-top: 20px !important;margin-right: 5% !important;margin-left: 5% !important;}\u00bb][vc_column offset=\u00bbvc_col-md-6&#8243;][vc_column_text css=\u00bb\u00bb] P\u00cdDENOS M\u00c1S INFORMACI\u00d3N [\/vc_column_text][vc_empty_space height=\u00bb16px\u00bb][vc_column_text css=\u00bb\u00bb]Cu\u00e9ntanos d\u00f3nde te gustar\u00eda hacer tu pr\u00f3ximo viaje y nuestros agentes buscar\u00e1n las mejores opciones para que&#8230;<\/p>\n","protected":false},"author":1,"featured_media":0,"parent":0,"menu_order":0,"comment_status":"closed","ping_status":"closed","template":"full_width.php","meta":{"footnotes":""},"class_list":["post-1892","page","type-page","status-publish","hentry"],"publishpress_future_action":{"enabled":false,"date":"2026-05-15 21:52:21","action":"change-status","newStatus":"draft","terms":[],"taxonomy":"translation_priority"},"publishpress_future_workflow_manual_trigger":{"enabledWorkflows":[]},"_links":{"self":[{"href":"https:\/\/hifetours.com\/es\/wp-json\/wp\/v2\/pages\/1892","targetHints":{"allow":["GET"]}}],"collection":[{"href":"https:\/\/hifetours.com\/es\/wp-json\/wp\/v2\/pages"}],"about":[{"href":"https:\/\/hifetours.com\/es\/wp-json\/wp\/v2\/types\/page"}],"author":[{"embeddable":true,"href":"https:\/\/hifetours.com\/es\/wp-json\/wp\/v2\/users\/1"}],"replies":[{"embeddable":true,"href":"https:\/\/hifetours.com\/es\/wp-json\/wp\/v2\/comments?post=1892"}],"version-history":[{"count":6,"href":"https:\/\/hifetours.com\/es\/wp-json\/wp\/v2\/pages\/1892\/revisions"}],"predecessor-version":[{"id":2418,"href":"https:\/\/hifetours.com\/es\/wp-json\/wp\/v2\/pages\/1892\/revisions\/2418"}],"wp:attachment":[{"href":"https:\/\/hifetours.com\/es\/wp-json\/wp\/v2\/media?parent=1892"}],"curies":[{"name":"wp","href":"https:\/\/api.w.org\/{rel}","templated":true}]}}