{"id":1880,"date":"2023-04-02T13:16:53","date_gmt":"2023-04-02T11:16:53","guid":{"rendered":"https:\/\/hifetours.com\/staging\/home\/"},"modified":"2025-05-12T13:18:41","modified_gmt":"2025-05-12T11:18:41","slug":"home","status":"publish","type":"page","link":"https:\/\/hifetours.com\/es\/","title":{"rendered":"Home"},"content":{"rendered":"<div class=\"wpb-content-wrapper\"><p>[vc_row css_animation=\u00bb\u00bb row_type=\u00bbrow\u00bb use_row_as_full_screen_section=\u00bbno\u00bb type=\u00bbgrid\u00bb angled_section=\u00bbno\u00bb text_align=\u00bbleft\u00bb background_image_as_pattern=\u00bbwithout_pattern\u00bb full_width=\u00bbstretch_row\u00bb gap=\u00bb15&#8243; full_height=\u00bbyes\u00bb equal_height=\u00bbyes\u00bb padding_top=\u00bb50&#8243; padding_bottom=\u00bb59&#8243; css=\u00bb.vc_custom_1648027858538{margin-right: 5% !important;margin-left: 5% !important;background-position: center !important;background-repeat: no-repeat !important;background-size: cover !important;}\u00bb z_index=\u00bb\u00bb][vc_column][vc_empty_space][\/vc_column][\/vc_row][vc_row css_animation=\u00bb\u00bb row_type=\u00bbrow\u00bb use_row_as_full_screen_section=\u00bbno\u00bb type=\u00bbgrid\u00bb angled_section=\u00bbno\u00bb text_align=\u00bbleft\u00bb background_image_as_pattern=\u00bbwithout_pattern\u00bb full_width=\u00bbstretch_row\u00bb gap=\u00bb15&#8243; full_height=\u00bbyes\u00bb equal_height=\u00bbyes\u00bb padding_top=\u00bb50&#8243; padding_bottom=\u00bb59&#8243; css=\u00bb.vc_custom_1648165556506{margin-right: 5% !important;margin-left: 5% !important;background-image: url(http:\/\/bridge224.qodeinteractive.com\/wp-content\/uploads\/2018\/04\/home-background-2.png?id=150) !important;background-position: center !important;background-repeat: no-repeat !important;background-size: cover !important;}\u00bb z_index=\u00bb\u00bb][vc_column][vc_column_text css=\u00bb\u00bb]<\/p>\n<h1 style=\"text-align: center;\">TOURS DESTACADOS HIFETOURS<\/h1>\n<div id=\"gtx-trans\" style=\"position: absolute; left: 403px; top: -4.08594px;\">\n<div class=\"gtx-trans-icon\"><\/div>\n<\/div>\n<p>[\/vc_column_text][vc_empty_space]<div class=\"qode-tours-carousel-holder qode-carousel-pagination\">\n\t<div class=\"qode-tours-row qode-normal-space\">\n\t    \t        <div class=\"qode-tours-carousel qode-tours-row-inner-holder qode-owl-slider\" data-number-of-items=\"3\" data-enable-loop=\"yes\" data-enable-navigation=\"yes\" data-enable-pagination=\"no\">\n\n\t            \t                                    <div class=\"qode-tours-gallery-item qode-tours-row-item qode-item-space qode-tour-item-has-rating post-2700 tour-item type-tour-item status-publish has-post-thumbnail hentry tour-category-ciudades tour-category-edificios-historicos tour-category-traslados-incluidos tour-category-visitas-culturales tour-attribute-autocar-hife tour-attribute-entradas-incluidas tour-attribute-seguro-basico-de-asistencia tour-attribute-traslados\">\n\t<div class=\"qode-tour-item-inner\">\n\t\t\t\t\t<div class=\"qode-tours-gallery-item-image-holder\">\n\t\t\t\t\t\t\t\t\t<span class=\"qode-tours-gallery-item-label-holder\">\n\t\t\t\t\t\t\n\t\t<span class=\"qode-tour-item-label\">\n\t\t\t<span class=\"qode-tour-item-label-inner\">\n\t\t\t\t\t\t\t<\/span>\n\t\t<\/span>\n\n\t\t\t\t\t\t\t<\/span>\n\t\t\t\t\t\t\t\t\n\t\t\t\t<div class=\"qode-tours-gallery-item-image\">\n\t\t\t\t\t<img fetchpriority=\"high\" decoding=\"async\" width=\"500\" height=\"500\" src=\"https:\/\/hifetours.com\/wp-content\/uploads\/2024\/12\/WhatsApp-Image-2025-12-05-at-14.58.24-500x500.jpeg\" class=\"attachment-portfolio_masonry_regular size-portfolio_masonry_regular\" alt=\"\" srcset=\"https:\/\/hifetours.com\/wp-content\/uploads\/2024\/12\/WhatsApp-Image-2025-12-05-at-14.58.24-500x500.jpeg 500w, https:\/\/hifetours.com\/wp-content\/uploads\/2024\/12\/WhatsApp-Image-2025-12-05-at-14.58.24-150x150.jpeg 150w, https:\/\/hifetours.com\/wp-content\/uploads\/2024\/12\/WhatsApp-Image-2025-12-05-at-14.58.24-570x570.jpeg 570w\" sizes=\"(max-width: 500px) 100vw, 500px\" \/>\t\t\t\t\t\n\t\t\t\t\t<div class=\"qode-tours-gallery-item-content-holder\">\n\t\t\t\t\t\t<div class=\"qode-tours-gallery-item-content-inner\">\n\t\t\t\t\t\t\t<div class=\"qode-tours-gallery-title-holder\">\n\t\t\t\t\t\t\t\t<h4 class=\"qode-tour-title\">\n\t\t\t\t\t\t\t\t\tBARBASTRO, JACA Y SOMONTANO\t\t\t\t\t\t\t\t<\/h4>\n\t\t\t\t\t\t\t\t<span class=\"qode-tours-gallery-item-price-holder\">\n\t\t\t\t\t\t\t\t\n\t\t<span class=\"qode-tours-price-holder\">\n\t\t\t\t\t\t\t<span class=\"qode-tours-item-price \">265 \u20ac<\/span>\n\t\t\t\t\t\t\t\t<\/span>\n\n\t\t\t\t\t\t\t\t\t<\/span>\n\t\t\t\t\t\t\t<\/div>\n\t\t\t\t\t\t\t\t\t\t\t\t\t\t\t<div class=\"qode-tours-gallery-item-excerpt\">\n\t\t\t\t\t\t\t\t\t<div class=\"qode-tours-gallery-item-excerpt-inner\">\n\t\t\t\t\t\t\t\t\t\tDescubre el Somontano y los tesoros de Barbastro y Jaca en una escapada llena de cultura, naturaleza y buena gastronom\u00eda.&hellip;\t\t\t\t\t\t\t\t\t<\/div>\n\t\t\t\t\t\t\t\t<\/div>\n\t\t\t\t\t\t\t\t\t\t\t\t\t<\/div>\n\t\t\t\t\t<\/div>\n\t\t\t\t<\/div>\n\t\t\t\t<a class=\"qode-tours-gallery-item-link\" href=\"https:\/\/hifetours.com\/es\/tour-item\/barbastro-jaca-i-somontano\/\"><\/a>\n\t\t\t<\/div>\n\t\t\t<\/div>\n<\/div>\t            \t                                    <div class=\"qode-tours-gallery-item qode-tours-row-item qode-item-space qode-tour-item-has-rating post-2747 tour-item type-tour-item status-publish has-post-thumbnail hentry tour-category-aventura tour-category-bodegas tour-category-familias tour-category-monumentos tour-category-visitas-culturales tour-attribute-alojamiento tour-attribute-autocar-hife tour-attribute-entradas-incluidas tour-attribute-pension-completa tour-attribute-seguro-basico-de-asistencia\">\n\t<div class=\"qode-tour-item-inner\">\n\t\t\t\t\t<div class=\"qode-tours-gallery-item-image-holder\">\n\t\t\t\t\t\t\t\t\t<span class=\"qode-tours-gallery-item-label-holder\">\n\t\t\t\t\t\t\n\t\t<span class=\"qode-tour-item-label\">\n\t\t\t<span class=\"qode-tour-item-label-inner\">\n\t\t\t\t\t\t\t<\/span>\n\t\t<\/span>\n\n\t\t\t\t\t\t\t<\/span>\n\t\t\t\t\t\t\t\t\n\t\t\t\t<div class=\"qode-tours-gallery-item-image\">\n\t\t\t\t\t<img decoding=\"async\" width=\"500\" height=\"500\" src=\"https:\/\/hifetours.com\/wp-content\/uploads\/2026\/01\/molinos-1-500x500.jpg\" class=\"attachment-portfolio_masonry_regular size-portfolio_masonry_regular\" alt=\"\" srcset=\"https:\/\/hifetours.com\/wp-content\/uploads\/2026\/01\/molinos-1-500x500.jpg 500w, https:\/\/hifetours.com\/wp-content\/uploads\/2026\/01\/molinos-1-150x150.jpg 150w, https:\/\/hifetours.com\/wp-content\/uploads\/2026\/01\/molinos-1-570x570.jpg 570w\" sizes=\"(max-width: 500px) 100vw, 500px\" \/>\t\t\t\t\t\n\t\t\t\t\t<div class=\"qode-tours-gallery-item-content-holder\">\n\t\t\t\t\t\t<div class=\"qode-tours-gallery-item-content-inner\">\n\t\t\t\t\t\t\t<div class=\"qode-tours-gallery-title-holder\">\n\t\t\t\t\t\t\t\t<h4 class=\"qode-tour-title\">\n\t\t\t\t\t\t\t\t\tCastilla La Mancha- Sabor a Quijote\t\t\t\t\t\t\t\t<\/h4>\n\t\t\t\t\t\t\t\t<span class=\"qode-tours-gallery-item-price-holder\">\n\t\t\t\t\t\t\t\t\n\t\t<span class=\"qode-tours-price-holder\">\n\t\t\t\t\t\t\t<span class=\"qode-tours-item-price \">84 \u20ac<\/span>\n\t\t\t\t\t\t\t\t<\/span>\n\n\t\t\t\t\t\t\t\t\t<\/span>\n\t\t\t\t\t\t\t<\/div>\n\t\t\t\t\t\t\t\t\t\t\t\t\t\t\t<div class=\"qode-tours-gallery-item-excerpt\">\n\t\t\t\t\t\t\t\t\t<div class=\"qode-tours-gallery-item-excerpt-inner\">\n\t\t\t\t\t\t\t\t\t\tCastilla-La Mancha: sabor a Quijote Vive una escapada inolvidable por una de las regiones m\u00e1s aut\u00e9nticas de Espa\u00f1a. Un viaje&hellip;\t\t\t\t\t\t\t\t\t<\/div>\n\t\t\t\t\t\t\t\t<\/div>\n\t\t\t\t\t\t\t\t\t\t\t\t\t<\/div>\n\t\t\t\t\t<\/div>\n\t\t\t\t<\/div>\n\t\t\t\t<a class=\"qode-tours-gallery-item-link\" href=\"https:\/\/hifetours.com\/es\/tour-item\/castilla-la-mancha-sabor-a-quijote\/\"><\/a>\n\t\t\t<\/div>\n\t\t\t<\/div>\n<\/div>\t            \t                                    <div class=\"qode-tours-gallery-item qode-tours-row-item qode-item-space qode-tour-item-has-rating post-2737 tour-item type-tour-item status-publish has-post-thumbnail hentry tour-category-aventura tour-category-ciudades tour-category-edificios-historicos tour-category-familias tour-category-traslados-incluidos tour-category-visitas-culturales tour-attribute-alojamiento tour-attribute-autocar-hife tour-attribute-entradas-incluidas tour-attribute-pension-completa tour-attribute-seguro-basico-de-asistencia tour-attribute-traslados\">\n\t<div class=\"qode-tour-item-inner\">\n\t\t\t\t\t<div class=\"qode-tours-gallery-item-image-holder\">\n\t\t\t\t\t\t\t\t\t<span class=\"qode-tours-gallery-item-label-holder\">\n\t\t\t\t\t\t\n\t\t<span class=\"qode-tour-item-label\">\n\t\t\t<span class=\"qode-tour-item-label-inner\">\n\t\t\t\t\t\t\t<\/span>\n\t\t<\/span>\n\n\t\t\t\t\t\t\t<\/span>\n\t\t\t\t\t\t\t\t\n\t\t\t\t<div class=\"qode-tours-gallery-item-image\">\n\t\t\t\t\t<img decoding=\"async\" width=\"500\" height=\"500\" src=\"https:\/\/hifetours.com\/wp-content\/uploads\/2024\/12\/EXTREMADURA-500x500.webp\" class=\"attachment-portfolio_masonry_regular size-portfolio_masonry_regular\" alt=\"\" srcset=\"https:\/\/hifetours.com\/wp-content\/uploads\/2024\/12\/EXTREMADURA-500x500.webp 500w, https:\/\/hifetours.com\/wp-content\/uploads\/2024\/12\/EXTREMADURA-150x150.webp 150w, https:\/\/hifetours.com\/wp-content\/uploads\/2024\/12\/EXTREMADURA-570x570.webp 570w, https:\/\/hifetours.com\/wp-content\/uploads\/2024\/12\/EXTREMADURA-1000x1000.webp 1000w\" sizes=\"(max-width: 500px) 100vw, 500px\" \/>\t\t\t\t\t\n\t\t\t\t\t<div class=\"qode-tours-gallery-item-content-holder\">\n\t\t\t\t\t\t<div class=\"qode-tours-gallery-item-content-inner\">\n\t\t\t\t\t\t\t<div class=\"qode-tours-gallery-title-holder\">\n\t\t\t\t\t\t\t\t<h4 class=\"qode-tour-title\">\n\t\t\t\t\t\t\t\t\tEXTREMADURA &#8211; 8 AL 14 JUNIO\t\t\t\t\t\t\t\t<\/h4>\n\t\t\t\t\t\t\t\t<span class=\"qode-tours-gallery-item-price-holder\">\n\t\t\t\t\t\t\t\t\n\t\t<span class=\"qode-tours-price-holder\">\n\t\t\t\t\t\t\t<span class=\"qode-tours-item-price \">655 \u20ac<\/span>\n\t\t\t\t\t\t\t\t<\/span>\n\n\t\t\t\t\t\t\t\t\t<\/span>\n\t\t\t\t\t\t\t<\/div>\n\t\t\t\t\t\t\t\t\t\t\t\t\t\t\t<div class=\"qode-tours-gallery-item-excerpt\">\n\t\t\t\t\t\t\t\t\t<div class=\"qode-tours-gallery-item-excerpt-inner\">\n\t\t\t\t\t\t\t\t\t\tExtremadura, historia y patrimonio por descubrir Descubre la esencia de Extremadura en un viaje completo de 7 d\u00edas y 6&hellip;\t\t\t\t\t\t\t\t\t<\/div>\n\t\t\t\t\t\t\t\t<\/div>\n\t\t\t\t\t\t\t\t\t\t\t\t\t<\/div>\n\t\t\t\t\t<\/div>\n\t\t\t\t<\/div>\n\t\t\t\t<a class=\"qode-tours-gallery-item-link\" href=\"https:\/\/hifetours.com\/es\/tour-item\/igualada-24-de-enero\/\"><\/a>\n\t\t\t<\/div>\n\t\t\t<\/div>\n<\/div>\t            \t                                    <div class=\"qode-tours-gallery-item qode-tours-row-item qode-item-space qode-tour-item-has-rating post-2868 tour-item type-tour-item status-publish has-post-thumbnail hentry tour-category-aventura tour-category-ciudades tour-category-edificios-historicos tour-category-familias tour-category-traslados-incluidos tour-category-visitas-culturales tour-attribute-alojamiento tour-attribute-autocar-hife tour-attribute-entradas-incluidas tour-attribute-pension-completa tour-attribute-seguro-basico-de-asistencia tour-attribute-traslados\">\n\t<div class=\"qode-tour-item-inner\">\n\t\t\t\t\t<div class=\"qode-tours-gallery-item-image-holder\">\n\t\t\t\t\t\t\t\t\t<span class=\"qode-tours-gallery-item-label-holder\">\n\t\t\t\t\t\t\n\t\t<span class=\"qode-tour-item-label\">\n\t\t\t<span class=\"qode-tour-item-label-inner\">\n\t\t\t\t\t\t\t<\/span>\n\t\t<\/span>\n\n\t\t\t\t\t\t\t<\/span>\n\t\t\t\t\t\t\t\t\n\t\t\t\t<div class=\"qode-tours-gallery-item-image\">\n\t\t\t\t\t<img loading=\"lazy\" decoding=\"async\" width=\"500\" height=\"444\" src=\"https:\/\/hifetours.com\/wp-content\/uploads\/2026\/03\/MM5-500x444.jpg\" class=\"attachment-portfolio_masonry_regular size-portfolio_masonry_regular\" alt=\"\" \/>\t\t\t\t\t\n\t\t\t\t\t<div class=\"qode-tours-gallery-item-content-holder\">\n\t\t\t\t\t\t<div class=\"qode-tours-gallery-item-content-inner\">\n\t\t\t\t\t\t\t<div class=\"qode-tours-gallery-title-holder\">\n\t\t\t\t\t\t\t\t<h4 class=\"qode-tour-title\">\n\t\t\t\t\t\t\t\t\tMAMMA M\u00cdA &#8211; 31 DE OCTUBRE\t\t\t\t\t\t\t\t<\/h4>\n\t\t\t\t\t\t\t\t<span class=\"qode-tours-gallery-item-price-holder\">\n\t\t\t\t\t\t\t\t\n\t\t<span class=\"qode-tours-price-holder\">\n\t\t\t\t\t\t\t<span class=\"qode-tours-item-price \">84 \u20ac<\/span>\n\t\t\t\t\t\t\t\t<\/span>\n\n\t\t\t\t\t\t\t\t\t<\/span>\n\t\t\t\t\t\t\t<\/div>\n\t\t\t\t\t\t\t\t\t\t\t\t\t\t\t<div class=\"qode-tours-gallery-item-excerpt\">\n\t\t\t\t\t\t\t\t\t<div class=\"qode-tours-gallery-item-excerpt-inner\">\n\t\t\t\t\t\t\t\t\t\tDisfruta de una experiencia inolvidable con MAMMA MIA! El Musical, una comedia musical llena de energ\u00eda, emoci\u00f3n y los grandes&hellip;\t\t\t\t\t\t\t\t\t<\/div>\n\t\t\t\t\t\t\t\t<\/div>\n\t\t\t\t\t\t\t\t\t\t\t\t\t<\/div>\n\t\t\t\t\t<\/div>\n\t\t\t\t<\/div>\n\t\t\t\t<a class=\"qode-tours-gallery-item-link\" href=\"https:\/\/hifetours.com\/es\/tour-item\/mamma-mia-31-de-octubre\/\"><\/a>\n\t\t\t<\/div>\n\t\t\t<\/div>\n<\/div>\t            \t                                    <div class=\"qode-tours-gallery-item qode-tours-row-item qode-item-space qode-tour-item-has-rating post-2673 tour-item type-tour-item status-publish has-post-thumbnail hentry tour-category-ciudades tour-category-edificios-historicos tour-category-traslados-incluidos tour-category-visitas-culturales tour-attribute-autocar-hife tour-attribute-entradas-incluidas tour-attribute-seguro-basico-de-asistencia tour-attribute-traslados\">\n\t<div class=\"qode-tour-item-inner\">\n\t\t\t\t\t<div class=\"qode-tours-gallery-item-image-holder\">\n\t\t\t\t\t\t\t\t\t<span class=\"qode-tours-gallery-item-label-holder\">\n\t\t\t\t\t\t\n\t\t<span class=\"qode-tour-item-label\">\n\t\t\t<span class=\"qode-tour-item-label-inner\">\n\t\t\t\t\t\t\t<\/span>\n\t\t<\/span>\n\n\t\t\t\t\t\t\t<\/span>\n\t\t\t\t\t\t\t\t\n\t\t\t\t<div class=\"qode-tours-gallery-item-image\">\n\t\t\t\t\t<img loading=\"lazy\" decoding=\"async\" width=\"500\" height=\"500\" src=\"https:\/\/hifetours.com\/wp-content\/uploads\/2025\/11\/ruta-6-zaragoza-la-capital-del-ebro-1315x800-1-500x500.jpg\" class=\"attachment-portfolio_masonry_regular size-portfolio_masonry_regular\" alt=\"\" srcset=\"https:\/\/hifetours.com\/wp-content\/uploads\/2025\/11\/ruta-6-zaragoza-la-capital-del-ebro-1315x800-1-500x500.jpg 500w, https:\/\/hifetours.com\/wp-content\/uploads\/2025\/11\/ruta-6-zaragoza-la-capital-del-ebro-1315x800-1-150x150.jpg 150w, https:\/\/hifetours.com\/wp-content\/uploads\/2025\/11\/ruta-6-zaragoza-la-capital-del-ebro-1315x800-1-570x570.jpg 570w\" sizes=\"(max-width: 500px) 100vw, 500px\" \/>\t\t\t\t\t\n\t\t\t\t\t<div class=\"qode-tours-gallery-item-content-holder\">\n\t\t\t\t\t\t<div class=\"qode-tours-gallery-item-content-inner\">\n\t\t\t\t\t\t\t<div class=\"qode-tours-gallery-title-holder\">\n\t\t\t\t\t\t\t\t<h4 class=\"qode-tour-title\">\n\t\t\t\t\t\t\t\t\tZARAGOZA &#8211; 1 Y 2 DE OCTUBRE\t\t\t\t\t\t\t\t<\/h4>\n\t\t\t\t\t\t\t\t<span class=\"qode-tours-gallery-item-price-holder\">\n\t\t\t\t\t\t\t\t\n\t\t<span class=\"qode-tours-price-holder\">\n\t\t\t\t\t\t\t<span class=\"qode-tours-item-price \">184 \u20ac<\/span>\n\t\t\t\t\t\t\t\t<\/span>\n\n\t\t\t\t\t\t\t\t\t<\/span>\n\t\t\t\t\t\t\t<\/div>\n\t\t\t\t\t\t\t\t\t\t\t\t\t\t\t<div class=\"qode-tours-gallery-item-excerpt\">\n\t\t\t\t\t\t\t\t\t<div class=\"qode-tours-gallery-item-excerpt-inner\">\n\t\t\t\t\t\t\t\t\t\tDescubre Zaragoza y el espectacular Monasterio de Piedra en una escapada de 2 d\u00edas con todo incluido. Un viaje c\u00f3modo&hellip;\t\t\t\t\t\t\t\t\t<\/div>\n\t\t\t\t\t\t\t\t<\/div>\n\t\t\t\t\t\t\t\t\t\t\t\t\t<\/div>\n\t\t\t\t\t<\/div>\n\t\t\t\t<\/div>\n\t\t\t\t<a class=\"qode-tours-gallery-item-link\" href=\"https:\/\/hifetours.com\/es\/tour-item\/zaragoza-7-8-febrer-2026\/\"><\/a>\n\t\t\t<\/div>\n\t\t\t<\/div>\n<\/div>\t            \n\t        <\/div>\n\t    \t    \t<\/div>\n<\/div>[vc_empty_space height=\u00bb60px\u00bb][vc_row_inner row_type=\u00bbrow\u00bb type=\u00bbfull_width\u00bb text_align=\u00bbleft\u00bb css_animation=\u00bb\u00bb][vc_column_inner width=\u00bb1\/6&#8243;][vc_single_image image=\u00bb1486&#8243; img_size=\u00bbfull\u00bb alignment=\u00bbcenter\u00bb style=\u00bbvc_box_rounded\u00bb onclick=\u00bbcustom_link\u00bb qode_css_animation=\u00bb\u00bb qode_hover_animation=\u00bbdarken\u00bb link=\u00bb#\u00bb][\/vc_column_inner][vc_column_inner width=\u00bb1\/6&#8243;][vc_single_image image=\u00bb1456&#8243; img_size=\u00bbfull\u00bb alignment=\u00bbcenter\u00bb style=\u00bbvc_box_rounded\u00bb onclick=\u00bbcustom_link\u00bb qode_css_animation=\u00bb\u00bb qode_hover_animation=\u00bbdarken\u00bb link=\u00bb#\u00bb][\/vc_column_inner][vc_column_inner width=\u00bb1\/6&#8243;][vc_single_image image=\u00bb1370&#8243; img_size=\u00bbfull\u00bb alignment=\u00bbcenter\u00bb style=\u00bbvc_box_rounded\u00bb onclick=\u00bbcustom_link\u00bb qode_css_animation=\u00bb\u00bb qode_hover_animation=\u00bbdarken\u00bb link=\u00bb#\u00bb][\/vc_column_inner][vc_column_inner width=\u00bb1\/6&#8243;][vc_single_image image=\u00bb1444&#8243; img_size=\u00bbfull\u00bb alignment=\u00bbcenter\u00bb style=\u00bbvc_box_rounded\u00bb onclick=\u00bbcustom_link\u00bb qode_css_animation=\u00bb\u00bb qode_hover_animation=\u00bbdarken\u00bb link=\u00bb#\u00bb][\/vc_column_inner][vc_column_inner width=\u00bb1\/6&#8243;][vc_single_image image=\u00bb1463&#8243; img_size=\u00bbfull\u00bb alignment=\u00bbcenter\u00bb style=\u00bbvc_box_rounded\u00bb onclick=\u00bbcustom_link\u00bb qode_css_animation=\u00bb\u00bb qode_hover_animation=\u00bbdarken\u00bb link=\u00bb#\u00bb][\/vc_column_inner][vc_column_inner width=\u00bb1\/6&#8243;][vc_single_image image=\u00bb1477&#8243; img_size=\u00bbfull\u00bb alignment=\u00bbcenter\u00bb style=\u00bbvc_box_rounded\u00bb onclick=\u00bbcustom_link\u00bb qode_css_animation=\u00bb\u00bb qode_hover_animation=\u00bbdarken\u00bb link=\u00bb#\u00bb][\/vc_column_inner][\/vc_row_inner][\/vc_column][\/vc_row]<\/p>\n<\/div>","protected":false},"excerpt":{"rendered":"<p>[vc_row css_animation=\u00bb\u00bb row_type=\u00bbrow\u00bb use_row_as_full_screen_section=\u00bbno\u00bb type=\u00bbgrid\u00bb angled_section=\u00bbno\u00bb text_align=\u00bbleft\u00bb background_image_as_pattern=\u00bbwithout_pattern\u00bb full_width=\u00bbstretch_row\u00bb gap=\u00bb15&#8243; full_height=\u00bbyes\u00bb equal_height=\u00bbyes\u00bb padding_top=\u00bb50&#8243; padding_bottom=\u00bb59&#8243; css=\u00bb.vc_custom_1648027858538{margin-right: 5% !important;margin-left: 5% !important;background-position: center !important;background-repeat: no-repeat !important;background-size: cover !important;}\u00bb z_index=\u00bb\u00bb][vc_column][vc_empty_space][\/vc_column][\/vc_row][vc_row css_animation=\u00bb\u00bb row_type=\u00bbrow\u00bb use_row_as_full_screen_section=\u00bbno\u00bb type=\u00bbgrid\u00bb angled_section=\u00bbno\u00bb text_align=\u00bbleft\u00bb background_image_as_pattern=\u00bbwithout_pattern\u00bb full_width=\u00bbstretch_row\u00bb gap=\u00bb15&#8243; full_height=\u00bbyes\u00bb equal_height=\u00bbyes\u00bb padding_top=\u00bb50&#8243; padding_bottom=\u00bb59&#8243; css=\u00bb.vc_custom_1648165556506{margin-right: 5% !important;margin-left: 5% !important;background-image: url(http:\/\/bridge224.qodeinteractive.com\/wp-content\/uploads\/2018\/04\/home-background-2.png?id=150)&#8230;<\/p>\n","protected":false},"author":1,"featured_media":0,"parent":0,"menu_order":0,"comment_status":"closed","ping_status":"closed","template":"full_width.php","meta":{"footnotes":""},"class_list":["post-1880","page","type-page","status-publish","hentry"],"publishpress_future_action":{"enabled":false,"date":"2026-05-06 17:41:04","action":"change-status","newStatus":"draft","terms":[],"taxonomy":"translation_priority"},"publishpress_future_workflow_manual_trigger":{"enabledWorkflows":[]},"_links":{"self":[{"href":"https:\/\/hifetours.com\/es\/wp-json\/wp\/v2\/pages\/1880","targetHints":{"allow":["GET"]}}],"collection":[{"href":"https:\/\/hifetours.com\/es\/wp-json\/wp\/v2\/pages"}],"about":[{"href":"https:\/\/hifetours.com\/es\/wp-json\/wp\/v2\/types\/page"}],"author":[{"embeddable":true,"href":"https:\/\/hifetours.com\/es\/wp-json\/wp\/v2\/users\/1"}],"replies":[{"embeddable":true,"href":"https:\/\/hifetours.com\/es\/wp-json\/wp\/v2\/comments?post=1880"}],"version-history":[{"count":25,"href":"https:\/\/hifetours.com\/es\/wp-json\/wp\/v2\/pages\/1880\/revisions"}],"predecessor-version":[{"id":2551,"href":"https:\/\/hifetours.com\/es\/wp-json\/wp\/v2\/pages\/1880\/revisions\/2551"}],"wp:attachment":[{"href":"https:\/\/hifetours.com\/es\/wp-json\/wp\/v2\/media?parent=1880"}],"curies":[{"name":"wp","href":"https:\/\/api.w.org\/{rel}","templated":true}]}}